{"id":60,"date":"2013-11-28T20:23:32","date_gmt":"2013-11-28T19:23:32","guid":{"rendered":"http:\/\/www.latp.univ-mrs.fr\/~mathieu.dandonneau\/m2psav.new\/?page_id=60"},"modified":"2021-11-22T16:02:56","modified_gmt":"2021-11-22T15:02:56","slug":"applications-de-la-statistique-en-sciences-du-vivant","status":"publish","type":"page","link":"https:\/\/m2psav.master.edu-math.org\/?page_id=60","title":{"rendered":"Applications de la Statistique en Sciences du Vivant"},"content":{"rendered":"<p>APPLICATIONS DE LA STATISTIQUE EN SCIENCES DU VIVANT<br \/>\nC. Lar\u00e9do, Laboratoire MIA, INRA,78350 Jouy-en-Josas.<\/p>\n<p>Tout au long de ce cours, nous utiliserons des mod\u00e8les plus ou moins complexes pour d\u00e9crire la dynamique de populations stochastiques en Ecologie, Epid\u00e9miologie, G\u00e9n\u00e9tique des populations ou pour l\u2019analyse de s\u00e9quences d\u2019ADN.<br \/>\nCes mod\u00e8les sont un outil fondamental de la d\u00e9marche statistique :<br \/>\nils ont pour mission de fournir une description satisfaisante du ph\u00e9nom\u00e8ne \u00e9tudi\u00e9 tant pour la compr\u00e9hension des processus biologiques impliqu\u00e9s que pour la pr\u00e9diction.<br \/>\nSouvent, il n\u2019existe pas de bon mod\u00e8le qui s\u2019impose naturellement, tandis que les m\u00e9thodes sont d\u00e9finies pour un mod\u00e8le et leurs propri\u00e9t\u00e9s d\u00e9mont\u00e9es par rapport \u00e0 lui.<br \/>\nNous \u00e9tudierons dans ce cours plusieurs mod\u00e9lisations d&rsquo;un m\u00eame ph\u00e9nom\u00e8ne et comparerons leurs propri\u00e9t\u00e9s.<\/p>\n<p>Chaines de Markov \u00e0 temps discret ou temps continu.<\/p>\n<p>    Notations et rappels: g\u00e9n\u00e9rateur, premi\u00e8res propri\u00e9t\u00e9s.<br \/>\n    Chaines de Markov en Epid\u00e9miologie: mod\u00e8le de Greenwood, de Reed-Frost, mod\u00e8le SIR en population ferm\u00e9e.<br \/>\n    Mod\u00e8les d&rsquo;\u00e9volution en G\u00e9n\u00e9tique des populations: mod\u00e8les de Wright-Fisher avec s\u00e9lection et mutation, mod\u00e8le de Moran \u00e0 K all\u00e8les.<br \/>\n    Processus de branchements unitypes ou multitypes: mod\u00e8les de croissance de populations cellulaires, mod\u00e8le de survie de g\u00e8nes mutants.<\/p>\n<p>Mod\u00e8le statistique, famille d&rsquo;exp\u00e9riences<\/p>\n<p>    Notations et rappels: g\u00e9n\u00e9rateur, premi\u00e8res propri\u00e9t\u00e9s.<br \/>\n    Chaine canonique: construction, d\u00e9finition de la loi du processus.<br \/>\n    Vraisemblances et contrastes.<br \/>\n    Consistance des estimateurs de maximum de vraisemblance (MV) ou minimum de contraste (MC).<\/p>\n<p>Application aux exemples pr\u00e9c\u00e9dents<\/p>\n<p>    Estimation des param\u00e8tres de s\u00e9lection et mutation dans les mod\u00e8les de Wright-Fisher.<br \/>\n    Estimation des param\u00e8tres (taux de transmission et de gu\u00e9rison) dans le mod\u00e8le SIR.<br \/>\n    Estimation des transitions d\u2019une chaine de Markov en espace d&rsquo;\u00e9tats finis.<br \/>\n    Application \u00e0 l\u2019analyse de s\u00e9quences d\u2019ADN.<\/p>\n<p>Vitesses de convergence et lois limites des estimateurs.<\/p>\n<p>    Martingales \u00e0 temps discret: rappels; T.C.L. pour les martingales.<br \/>\n    Lois limites des estimateurs de maximum de vraisemblance ou de minimum de contraste.<br \/>\n    Estimation des param\u00e8tres (alpha,gamma) de l\u2019AR(1): Xi = aXi\u22121 + \u03b5i o\u00f9 les \u03b5i sont ind\u00e9pendantes, centr\u00e9s de variance \u03b32<br \/>\n    Retour aux exemples du chapitre I<\/p>\n<p>Statistique des processus de branchements<\/p>\n<p>    Rappels probabilistes et exemples.<br \/>\n    Estimation de la loi de reproduction.<br \/>\n    Etude de la croissance de populations cellulaires.<\/p>\n<p>Mod\u00e8les de diffusion<\/p>\n<p>    Approximation diffusion des chaines de Markov.<br \/>\n    Application au mod\u00e8le de Wright-Fisher, au mod\u00e8le de Moran \u00e0 K-all\u00e8les et au mod\u00e8le SIR.<br \/>\n    Estimation des param\u00e8tres de ces diffusions.<br \/>\n    Comparaison avec les estimateurs pr\u00e9c\u00e9dents.<\/p>\n<p> <a href=\"http:\/\/www.latp.univ-mrs.fr\/~mathieu.dandonneau\/m2psav.new\/wp-content\/uploads\/2013\/11\/laredo.pdf\">programme en pdf et bibliographie<\/a><\/p>\n","protected":false},"excerpt":{"rendered":"<p>APPLICATIONS DE LA STATISTIQUE EN SCIENCES DU VIVANT C. Lar\u00e9do, Laboratoire MIA, INRA,78350 Jouy-en-Josas. Tout au long de ce cours, nous utiliserons des mod\u00e8les plus ou moins complexes pour d\u00e9crire la dynamique de populations stochastiques en Ecologie, Epid\u00e9miologie, G\u00e9n\u00e9tique des populations ou pour l\u2019analyse de s\u00e9quences d\u2019ADN. Ces mod\u00e8les sont un outil fondamental de la [&hellip;]<\/p>\n","protected":false},"author":1,"featured_media":0,"parent":0,"menu_order":0,"comment_status":"closed","ping_status":"open","template":"","meta":{"footnotes":""},"class_list":["post-60","page","type-page","status-publish","hentry"],"_links":{"self":[{"href":"https:\/\/m2psav.master.edu-math.org\/index.php?rest_route=\/wp\/v2\/pages\/60","targetHints":{"allow":["GET"]}}],"collection":[{"href":"https:\/\/m2psav.master.edu-math.org\/index.php?rest_route=\/wp\/v2\/pages"}],"about":[{"href":"https:\/\/m2psav.master.edu-math.org\/index.php?rest_route=\/wp\/v2\/types\/page"}],"author":[{"embeddable":true,"href":"https:\/\/m2psav.master.edu-math.org\/index.php?rest_route=\/wp\/v2\/users\/1"}],"replies":[{"embeddable":true,"href":"https:\/\/m2psav.master.edu-math.org\/index.php?rest_route=%2Fwp%2Fv2%2Fcomments&post=60"}],"version-history":[{"count":3,"href":"https:\/\/m2psav.master.edu-math.org\/index.php?rest_route=\/wp\/v2\/pages\/60\/revisions"}],"predecessor-version":[{"id":97,"href":"https:\/\/m2psav.master.edu-math.org\/index.php?rest_route=\/wp\/v2\/pages\/60\/revisions\/97"}],"wp:attachment":[{"href":"https:\/\/m2psav.master.edu-math.org\/index.php?rest_route=%2Fwp%2Fv2%2Fmedia&parent=60"}],"curies":[{"name":"wp","href":"https:\/\/api.w.org\/{rel}","templated":true}]}}