{"id":49,"date":"2013-11-28T20:14:26","date_gmt":"2013-11-28T19:14:26","guid":{"rendered":"http:\/\/www.latp.univ-mrs.fr\/~mathieu.dandonneau\/m2psav.new\/?page_id=49"},"modified":"2021-11-22T16:03:09","modified_gmt":"2021-11-22T15:03:09","slug":"simulations-et-logiciel-r","status":"publish","type":"page","link":"https:\/\/m2psav.master.edu-math.org\/?page_id=49","title":{"rendered":"Simulations et logiciel R"},"content":{"rendered":"<p>MPSAV4-Simulations et logiciels R<br \/>\nArmel YODE<\/p>\n<p>Logiciel R : Introduction, environnement de travail, syntaxe g\u00e9n\u00e9rale, r\u00e9pertoire de travail, objets en m\u00e9moire, organisation du travail, sauver les r\u00e9sultats d\u2019une analyse, aide de R, objets, vecteurs matrice, facteurs, listes, data.frames, fonctions, Importation et exportation de donn\u00e9es, graphiques.<br \/>\nSimulation : Simulation de la loi uniforme, m\u00e9thode d\u2019inversion, simulation de lois discr\u00e8tes, m\u00e9thode du conditionnement, m\u00e9thode du rejet, simulation de lois gaussiennes, simulations de lois continues.<\/p>\n","protected":false},"excerpt":{"rendered":"<p>MPSAV4-Simulations et logiciels R Armel YODE Logiciel R : Introduction, environnement de travail, syntaxe g\u00e9n\u00e9rale, r\u00e9pertoire de travail, objets en m\u00e9moire, organisation du travail, sauver les r\u00e9sultats d\u2019une analyse, aide de R, objets, vecteurs matrice, facteurs, listes, data.frames, fonctions, Importation et exportation de donn\u00e9es, graphiques. Simulation : Simulation de la loi uniforme, m\u00e9thode d\u2019inversion, simulation [&hellip;]<\/p>\n","protected":false},"author":1,"featured_media":0,"parent":0,"menu_order":0,"comment_status":"closed","ping_status":"open","template":"","meta":{"footnotes":""},"class_list":["post-49","page","type-page","status-publish","hentry"],"_links":{"self":[{"href":"https:\/\/m2psav.master.edu-math.org\/index.php?rest_route=\/wp\/v2\/pages\/49","targetHints":{"allow":["GET"]}}],"collection":[{"href":"https:\/\/m2psav.master.edu-math.org\/index.php?rest_route=\/wp\/v2\/pages"}],"about":[{"href":"https:\/\/m2psav.master.edu-math.org\/index.php?rest_route=\/wp\/v2\/types\/page"}],"author":[{"embeddable":true,"href":"https:\/\/m2psav.master.edu-math.org\/index.php?rest_route=\/wp\/v2\/users\/1"}],"replies":[{"embeddable":true,"href":"https:\/\/m2psav.master.edu-math.org\/index.php?rest_route=%2Fwp%2Fv2%2Fcomments&post=49"}],"version-history":[{"count":1,"href":"https:\/\/m2psav.master.edu-math.org\/index.php?rest_route=\/wp\/v2\/pages\/49\/revisions"}],"predecessor-version":[{"id":50,"href":"https:\/\/m2psav.master.edu-math.org\/index.php?rest_route=\/wp\/v2\/pages\/49\/revisions\/50"}],"wp:attachment":[{"href":"https:\/\/m2psav.master.edu-math.org\/index.php?rest_route=%2Fwp%2Fv2%2Fmedia&parent=49"}],"curies":[{"name":"wp","href":"https:\/\/api.w.org\/{rel}","templated":true}]}}