{"id":47,"date":"2013-11-28T20:13:16","date_gmt":"2013-11-28T19:13:16","guid":{"rendered":"http:\/\/www.latp.univ-mrs.fr\/~mathieu.dandonneau\/m2psav.new\/?page_id=47"},"modified":"2021-11-22T16:03:09","modified_gmt":"2021-11-22T15:03:09","slug":"statistique-parametrique","status":"publish","type":"page","link":"https:\/\/m2psav.master.edu-math.org\/?page_id=47","title":{"rendered":"Statistique param\u00e9trique"},"content":{"rendered":"<p>MPSAV3-Statistique param\u00e9trique<br \/>\nOuagnina HILI<\/p>\n<p>Estimation param\u00e9trique : estimateur, fonction de vraisemblance, m\u00e9thode du maximum de vraisemblance, m\u00e9thode des moments, estimateur sans biais, risque d\u2019un estimateur, estimateur admissible, crit\u00e8re du minimax, information de Fisher, borne de Cramer-Rao, efficacit\u00e9, m\u00e9thodes bay\u00e9siennes.<br \/>\nTests statistiques : types d\u2019erreur, seuil, tests U.P.P., dualit\u00e9 tests\/r\u00e9gions de confiance, test du maximum de vraisemblance.<\/p>\n","protected":false},"excerpt":{"rendered":"<p>MPSAV3-Statistique param\u00e9trique Ouagnina HILI Estimation param\u00e9trique : estimateur, fonction de vraisemblance, m\u00e9thode du maximum de vraisemblance, m\u00e9thode des moments, estimateur sans biais, risque d\u2019un estimateur, estimateur admissible, crit\u00e8re du minimax, information de Fisher, borne de Cramer-Rao, efficacit\u00e9, m\u00e9thodes bay\u00e9siennes. Tests statistiques : types d\u2019erreur, seuil, tests U.P.P., dualit\u00e9 tests\/r\u00e9gions de confiance, test du maximum de [&hellip;]<\/p>\n","protected":false},"author":1,"featured_media":0,"parent":0,"menu_order":0,"comment_status":"closed","ping_status":"open","template":"","meta":{"footnotes":""},"class_list":["post-47","page","type-page","status-publish","hentry"],"_links":{"self":[{"href":"https:\/\/m2psav.master.edu-math.org\/index.php?rest_route=\/wp\/v2\/pages\/47","targetHints":{"allow":["GET"]}}],"collection":[{"href":"https:\/\/m2psav.master.edu-math.org\/index.php?rest_route=\/wp\/v2\/pages"}],"about":[{"href":"https:\/\/m2psav.master.edu-math.org\/index.php?rest_route=\/wp\/v2\/types\/page"}],"author":[{"embeddable":true,"href":"https:\/\/m2psav.master.edu-math.org\/index.php?rest_route=\/wp\/v2\/users\/1"}],"replies":[{"embeddable":true,"href":"https:\/\/m2psav.master.edu-math.org\/index.php?rest_route=%2Fwp%2Fv2%2Fcomments&post=47"}],"version-history":[{"count":1,"href":"https:\/\/m2psav.master.edu-math.org\/index.php?rest_route=\/wp\/v2\/pages\/47\/revisions"}],"predecessor-version":[{"id":48,"href":"https:\/\/m2psav.master.edu-math.org\/index.php?rest_route=\/wp\/v2\/pages\/47\/revisions\/48"}],"wp:attachment":[{"href":"https:\/\/m2psav.master.edu-math.org\/index.php?rest_route=%2Fwp%2Fv2%2Fmedia&parent=47"}],"curies":[{"name":"wp","href":"https:\/\/api.w.org\/{rel}","templated":true}]}}