{"id":41,"date":"2013-11-28T20:04:57","date_gmt":"2013-11-28T19:04:57","guid":{"rendered":"http:\/\/www.latp.univ-mrs.fr\/~mathieu.dandonneau\/m2psav.new\/?page_id=41"},"modified":"2021-11-22T16:03:09","modified_gmt":"2021-11-22T15:03:09","slug":"processus-de-poisson-et-chaine-de-markov-en-temps-continu","status":"publish","type":"page","link":"https:\/\/m2psav.master.edu-math.org\/?page_id=41","title":{"rendered":"Processus de Poisson"},"content":{"rendered":"<p>MPSAV1-Processus de Markov et Processus de Poisson<br \/>\nModeste N\u2019ZI<\/p>\n<p>Cha\u00eenes de Markov \u00e0 temps discret<br \/>\nProbabilit\u00e9s de transition<br \/>\nCha\u00eenes canoniques<br \/>\nCha\u00eenes de Markov \u00e0 temps continu<br \/>\nEquations diff\u00e9rentielles de Kolmogorov<br \/>\nStationnarit\u00e9 et th\u00e9or\u00e8me limite pour les cha\u00eenes ergodiques<br \/>\nExemples classiques: (Processus de naissance et de mort, files d&rsquo;attentes, processus de ramification \u00e0 temps continu)<br \/>\nProcessus de renouvellement<br \/>\nProcessus de Poisson <\/p>\n","protected":false},"excerpt":{"rendered":"<p>MPSAV1-Processus de Markov et Processus de Poisson Modeste N\u2019ZI Cha\u00eenes de Markov \u00e0 temps discret Probabilit\u00e9s de transition Cha\u00eenes canoniques Cha\u00eenes de Markov \u00e0 temps continu Equations diff\u00e9rentielles de Kolmogorov Stationnarit\u00e9 et th\u00e9or\u00e8me limite pour les cha\u00eenes ergodiques Exemples classiques: (Processus de naissance et de mort, files d&rsquo;attentes, processus de ramification \u00e0 temps continu) Processus [&hellip;]<\/p>\n","protected":false},"author":1,"featured_media":0,"parent":0,"menu_order":0,"comment_status":"closed","ping_status":"open","template":"","meta":{"footnotes":""},"class_list":["post-41","page","type-page","status-publish","hentry"],"_links":{"self":[{"href":"https:\/\/m2psav.master.edu-math.org\/index.php?rest_route=\/wp\/v2\/pages\/41","targetHints":{"allow":["GET"]}}],"collection":[{"href":"https:\/\/m2psav.master.edu-math.org\/index.php?rest_route=\/wp\/v2\/pages"}],"about":[{"href":"https:\/\/m2psav.master.edu-math.org\/index.php?rest_route=\/wp\/v2\/types\/page"}],"author":[{"embeddable":true,"href":"https:\/\/m2psav.master.edu-math.org\/index.php?rest_route=\/wp\/v2\/users\/1"}],"replies":[{"embeddable":true,"href":"https:\/\/m2psav.master.edu-math.org\/index.php?rest_route=%2Fwp%2Fv2%2Fcomments&post=41"}],"version-history":[{"count":2,"href":"https:\/\/m2psav.master.edu-math.org\/index.php?rest_route=\/wp\/v2\/pages\/41\/revisions"}],"predecessor-version":[{"id":69,"href":"https:\/\/m2psav.master.edu-math.org\/index.php?rest_route=\/wp\/v2\/pages\/41\/revisions\/69"}],"wp:attachment":[{"href":"https:\/\/m2psav.master.edu-math.org\/index.php?rest_route=%2Fwp%2Fv2%2Fmedia&parent=41"}],"curies":[{"name":"wp","href":"https:\/\/api.w.org\/{rel}","templated":true}]}}