{"id":38,"date":"2013-11-28T19:59:26","date_gmt":"2013-11-28T18:59:26","guid":{"rendered":"http:\/\/www.latp.univ-mrs.fr\/~mathieu.dandonneau\/m2psav.new\/?page_id=38"},"modified":"2025-10-08T15:22:41","modified_gmt":"2025-10-08T14:22:41","slug":"homepage","status":"publish","type":"page","link":"https:\/\/m2psav.master.edu-math.org\/","title":{"rendered":"Accueil"},"content":{"rendered":"<p>Le Master 2 Probabilit\u00e9s, Statistique et Applications au Vivant (M2 PSAV) est un double dipl\u00f4me\u00a0 entre l&rsquo;universit\u00e9 F\u00e9lix Houphou\u00ebt Boigny\u00a0 \u00e0 Abidjan, et l&rsquo;Universit\u00e9 d&rsquo;Aix-Marseille.<\/p>\n<p><strong>Objectif:<\/strong>\u00a0 l&rsquo;objectif du M2 PSAV est de former d\u2019une part des enseignants-chercheurs africains dans le domaine des Math\u00e9matiques de l\u2019al\u00e9atoire, lequel a connu un d\u00e9veloppement tr\u00e8s important au cours des 20 derni\u00e8res ann\u00e9es au sein de la recherche math\u00e9matique mondiale, tant fondamentale qu\u2019appliqu\u00e9e, et d\u2019autre part des ing\u00e9nieurs statisticiens, capables d\u2019utiliser des outils modernes d\u2019apprentissage pour traiter les donn\u00e9es qui fleurissent dans tous les domaines.<\/p>\n<p><strong>Organisation de l&rsquo;ann\u00e9e:<\/strong><\/p>\n<ul>\n<li>Du 28 septembre au 2 octobre 2026, Cours pr\u00e9paratoires \u00e0 l&rsquo;ann\u00e9e du Master 2<\/li>\n<li>Octobre \u00e0 D\u00e9cembre 2026 : Enseignements de Tronc Commun \u00e0 Abidjan.<\/li>\n<li>Janvier \u00e0 Mars 2027 : Enseignements optionnels \u00e0 Abidjan.<\/li>\n<li>Avril \u00e0 mi Juillet 2027 : Stage dans un laboratoire de recherche en Afrique ou en France.<\/li>\n<\/ul>\n<p><strong>D\u00e9bouch\u00e9s :<\/strong><\/p>\n<ul>\n<li>Poursuite d&rsquo;\u00e9tudes en doctorat.<\/li>\n<li>Recrutement comme ing\u00e9nieur statisticien.\u00a0 Les enseignements en traitement des donn\u00e9es,\u00a0 big data et apprentissage statistique sont mieux d\u00e9velopp\u00e9s depuis 2019, ce qui permet plus facilement aux \u00e9tudiants int\u00e9ress\u00e9s, en choisissant un stage adapt\u00e9, de s&rsquo;orienter vers un d\u00e9bouch\u00e9 d&rsquo;ing\u00e9nieur statisticien, par exemple dans le domaine de la statistique m\u00e9dicale ou de l&rsquo;\u00e9pid\u00e9miologie. Des d\u00e9bouch\u00e9s existent dans le secteur priv\u00e9, le secteur de la sant\u00e9, le secteur public ou les organismes internationaux.<\/li>\n<\/ul>\n<p><strong>Financement:<\/strong> Tous les \u00e9tudiants de cette promotion recevront une bourse qui couvrira leurs frais de voyage vers Abidjan, l&rsquo;essentiel de leurs frais de s\u00e9jour \u00e0 Abidjan et de leurs frais d&rsquo;inscription \u00e0 l&rsquo;universit\u00e9 F\u00e9lix Houphou\u00ebt Boigny. Pour ceux qui seront accept\u00e9s en stage dans un laboratoire en France, le voyage vers la France et le s\u00e9jour seront financ\u00e9s par leur laboratoire d&rsquo;accueil.<\/p>\n","protected":false},"excerpt":{"rendered":"<p>Le Master 2 Probabilit\u00e9s, Statistique et Applications au Vivant (M2 PSAV) est un double dipl\u00f4me\u00a0 entre l&rsquo;universit\u00e9 F\u00e9lix Houphou\u00ebt Boigny\u00a0 \u00e0 Abidjan, et l&rsquo;Universit\u00e9 d&rsquo;Aix-Marseille. Objectif:\u00a0 l&rsquo;objectif du M2 PSAV est de former d\u2019une part des enseignants-chercheurs africains dans le domaine des Math\u00e9matiques de l\u2019al\u00e9atoire, lequel a connu un d\u00e9veloppement tr\u00e8s important au cours des [&hellip;]<\/p>\n","protected":false},"author":1,"featured_media":0,"parent":0,"menu_order":0,"comment_status":"closed","ping_status":"open","template":"","meta":{"footnotes":""},"class_list":["post-38","page","type-page","status-publish","hentry"],"_links":{"self":[{"href":"https:\/\/m2psav.master.edu-math.org\/index.php?rest_route=\/wp\/v2\/pages\/38","targetHints":{"allow":["GET"]}}],"collection":[{"href":"https:\/\/m2psav.master.edu-math.org\/index.php?rest_route=\/wp\/v2\/pages"}],"about":[{"href":"https:\/\/m2psav.master.edu-math.org\/index.php?rest_route=\/wp\/v2\/types\/page"}],"author":[{"embeddable":true,"href":"https:\/\/m2psav.master.edu-math.org\/index.php?rest_route=\/wp\/v2\/users\/1"}],"replies":[{"embeddable":true,"href":"https:\/\/m2psav.master.edu-math.org\/index.php?rest_route=%2Fwp%2Fv2%2Fcomments&post=38"}],"version-history":[{"count":35,"href":"https:\/\/m2psav.master.edu-math.org\/index.php?rest_route=\/wp\/v2\/pages\/38\/revisions"}],"predecessor-version":[{"id":31530,"href":"https:\/\/m2psav.master.edu-math.org\/index.php?rest_route=\/wp\/v2\/pages\/38\/revisions\/31530"}],"wp:attachment":[{"href":"https:\/\/m2psav.master.edu-math.org\/index.php?rest_route=%2Fwp%2Fv2%2Fmedia&parent=38"}],"curies":[{"name":"wp","href":"https:\/\/api.w.org\/{rel}","templated":true}]}}