{"id":18,"date":"2013-11-14T19:37:23","date_gmt":"2013-11-14T18:37:23","guid":{"rendered":"http:\/\/www.latp.univ-mrs.fr\/~mathieu.dandonneau\/m2psav.new\/?page_id=18"},"modified":"2024-04-03T08:58:53","modified_gmt":"2024-04-03T07:58:53","slug":"candidature","status":"publish","type":"page","link":"https:\/\/m2psav.master.edu-math.org\/?page_id=18","title":{"rendered":"Candidature"},"content":{"rendered":"<p>Assurez vous d&rsquo;avoir en votre possesion les documents suivants :<br \/>\nun cv au format pdf<br \/>\nune lettre de motivation au format pdf<br \/>\nun fichier pdf contenant les relev\u00e9s de notes de licence ( et de master I si disponible ), tamponn\u00e9 par votre universit\u00e9<br \/>\nune lettre de recommandation, en utilisant ce <a href=\"https:\/\/m2psav.master.edu-math.org\/wp-content\/uploads\/2024\/04\/recommandationM2PSAV.pdf\">formulaire.<\/a><\/p>\n<p>Vous \u00eates pr\u00eat \u00e0 candidater au master 2 PSAV pour l&rsquo;ann\u00e9ee 2024-2025 ?<\/p>\n\n<div class=\"wpcf7 no-js\" id=\"wpcf7-f31398-o1\" lang=\"fr-FR\" dir=\"ltr\" data-wpcf7-id=\"31398\">\n<div class=\"screen-reader-response\"><p role=\"status\" aria-live=\"polite\" aria-atomic=\"true\"><\/p> <ul><\/ul><\/div>\n<form action=\"\/index.php?rest_route=%2Fwp%2Fv2%2Fpages%2F18#wpcf7-f31398-o1\" method=\"post\" class=\"wpcf7-form init\" aria-label=\"Formulaire de contact\" enctype=\"multipart\/form-data\" novalidate=\"novalidate\" data-status=\"init\">\n<fieldset class=\"hidden-fields-container\"><input type=\"hidden\" name=\"_wpcf7\" value=\"31398\" \/><input type=\"hidden\" name=\"_wpcf7_version\" value=\"6.1.5\" \/><input type=\"hidden\" name=\"_wpcf7_locale\" value=\"fr_FR\" \/><input type=\"hidden\" name=\"_wpcf7_unit_tag\" value=\"wpcf7-f31398-o1\" \/><input type=\"hidden\" name=\"_wpcf7_container_post\" value=\"0\" \/><input type=\"hidden\" name=\"_wpcf7_posted_data_hash\" value=\"\" \/>\n<\/fieldset>\n<p><label> Votre nom (obligatoire)<br \/>\n<span class=\"wpcf7-form-control-wrap\" data-name=\"lastname\"><input size=\"40\" maxlength=\"400\" class=\"wpcf7-form-control wpcf7-text wpcf7-validates-as-required\" aria-required=\"true\" aria-invalid=\"false\" value=\"\" type=\"text\" name=\"lastname\" \/><\/span> <\/label><br \/>\n<label> Votre pr\u00e9nom (obligatoire)<br \/>\n<span class=\"wpcf7-form-control-wrap\" data-name=\"firstname\"><input size=\"40\" maxlength=\"400\" class=\"wpcf7-form-control wpcf7-text wpcf7-validates-as-required\" aria-required=\"true\" aria-invalid=\"false\" value=\"\" type=\"text\" name=\"firstname\" \/><\/span> <\/label><br \/>\n<label> Votre date de naissance<br \/>\n<span class=\"wpcf7-form-control-wrap\" data-name=\"birthdate\"><input class=\"wpcf7-form-control wpcf7-date wpcf7-validates-as-required wpcf7-validates-as-date\" aria-required=\"true\" aria-invalid=\"false\" value=\"\" type=\"date\" name=\"birthdate\" \/><\/span> <\/label><br \/>\n<label> Votre email (obligatoire)<br \/>\n<span class=\"wpcf7-form-control-wrap\" data-name=\"email\"><input size=\"40\" maxlength=\"400\" class=\"wpcf7-form-control wpcf7-email wpcf7-validates-as-required wpcf7-text wpcf7-validates-as-email\" aria-required=\"true\" aria-invalid=\"false\" value=\"\" type=\"email\" name=\"email\" \/><\/span> <\/label><br \/>\n<label> Votre Universit\u00e9 (obligatoire)<br \/>\n<span class=\"wpcf7-form-control-wrap\" data-name=\"univ\"><input size=\"40\" maxlength=\"400\" class=\"wpcf7-form-control wpcf7-text\" aria-invalid=\"false\" value=\"\" type=\"text\" name=\"univ\" \/><\/span> <\/label><br \/>\n<label> Message(facultatif)<br \/>\n<span class=\"wpcf7-form-control-wrap\" data-name=\"message\"><textarea cols=\"40\" rows=\"10\" maxlength=\"2000\" class=\"wpcf7-form-control wpcf7-textarea\" aria-invalid=\"false\" name=\"message\"><\/textarea><\/span><\/label><br \/>\n<label> Votre CV (format pdf)<br \/>\n<span class=\"wpcf7-form-control-wrap\" data-name=\"cv\"><input size=\"40\" class=\"wpcf7-form-control wpcf7-file\" accept=\".pdf\" aria-invalid=\"false\" type=\"file\" name=\"cv\" \/><\/span><\/label><br \/>\n<label> Votre lettre de recommandation (format pdf)<br \/>\n<span class=\"wpcf7-form-control-wrap\" data-name=\"reco\"><input size=\"40\" class=\"wpcf7-form-control wpcf7-file\" accept=\".pdf\" aria-invalid=\"false\" type=\"file\" name=\"reco\" \/><\/span><\/label><br \/>\n<label> Votre relev\u00e9 de notes de licence (format pdf)<br \/>\n<span class=\"wpcf7-form-control-wrap\" data-name=\"note\"><input size=\"40\" class=\"wpcf7-form-control wpcf7-file\" accept=\".pdf\" aria-invalid=\"false\" type=\"file\" name=\"note\" \/><\/span><\/label><br \/>\n<label> Votre lettre de motivation (format pdf)<br \/>\n<span class=\"wpcf7-form-control-wrap\" data-name=\"motiv\"><input size=\"40\" class=\"wpcf7-form-control wpcf7-file\" accept=\".pdf\" aria-invalid=\"false\" type=\"file\" name=\"motiv\" \/><\/span><\/label><br \/>\n<input class=\"wpcf7-form-control wpcf7-submit has-spinner\" type=\"submit\" value=\"Envoyer\" \/>\n<\/p><div class=\"wpcf7-response-output\" aria-hidden=\"true\"><\/div>\n<\/form>\n<\/div>\n\n","protected":false},"excerpt":{"rendered":"<p>Assurez vous d&rsquo;avoir en votre possesion les documents suivants : un cv au format pdf une lettre de motivation au format pdf un fichier pdf contenant les relev\u00e9s de notes de licence ( et de master I si disponible ), tamponn\u00e9 par votre universit\u00e9 une lettre de recommandation, en utilisant ce formulaire. Vous \u00eates pr\u00eat [&hellip;]<\/p>\n","protected":false},"author":1,"featured_media":0,"parent":0,"menu_order":0,"comment_status":"closed","ping_status":"open","template":"","meta":{"footnotes":""},"class_list":["post-18","page","type-page","status-publish","hentry"],"_links":{"self":[{"href":"https:\/\/m2psav.master.edu-math.org\/index.php?rest_route=\/wp\/v2\/pages\/18","targetHints":{"allow":["GET"]}}],"collection":[{"href":"https:\/\/m2psav.master.edu-math.org\/index.php?rest_route=\/wp\/v2\/pages"}],"about":[{"href":"https:\/\/m2psav.master.edu-math.org\/index.php?rest_route=\/wp\/v2\/types\/page"}],"author":[{"embeddable":true,"href":"https:\/\/m2psav.master.edu-math.org\/index.php?rest_route=\/wp\/v2\/users\/1"}],"replies":[{"embeddable":true,"href":"https:\/\/m2psav.master.edu-math.org\/index.php?rest_route=%2Fwp%2Fv2%2Fcomments&post=18"}],"version-history":[{"count":20,"href":"https:\/\/m2psav.master.edu-math.org\/index.php?rest_route=\/wp\/v2\/pages\/18\/revisions"}],"predecessor-version":[{"id":31515,"href":"https:\/\/m2psav.master.edu-math.org\/index.php?rest_route=\/wp\/v2\/pages\/18\/revisions\/31515"}],"wp:attachment":[{"href":"https:\/\/m2psav.master.edu-math.org\/index.php?rest_route=%2Fwp%2Fv2%2Fmedia&parent=18"}],"curies":[{"name":"wp","href":"https:\/\/api.w.org\/{rel}","templated":true}]}}