{"id":16,"date":"2013-11-14T19:36:54","date_gmt":"2013-11-14T18:36:54","guid":{"rendered":"http:\/\/www.latp.univ-mrs.fr\/~mathieu.dandonneau\/m2psav.new\/?page_id=16"},"modified":"2021-11-22T16:03:09","modified_gmt":"2021-11-22T15:03:09","slug":"these","status":"publish","type":"page","link":"https:\/\/m2psav.master.edu-math.org\/?page_id=16","title":{"rendered":"Th\u00e8se"},"content":{"rendered":"<p>Les \u00e9tudiants ayant suivi ce Master avec succ\u00e8s devraient avoir de bonnes chances d&rsquo;obtenir un financement de th\u00e8se.<br \/>\nLes th\u00e8ses en cotutelle entre l&rsquo;universit\u00e9 d&rsquo;origine de l&rsquo;\u00e9tudiant et par exemple le laboratoire o\u00f9 le stage a \u00e9t\u00e9 effectu\u00e9 seront particuli\u00e8rement encourag\u00e9es. <\/p>\n","protected":false},"excerpt":{"rendered":"<p>Les \u00e9tudiants ayant suivi ce Master avec succ\u00e8s devraient avoir de bonnes chances d&rsquo;obtenir un financement de th\u00e8se. Les th\u00e8ses en cotutelle entre l&rsquo;universit\u00e9 d&rsquo;origine de l&rsquo;\u00e9tudiant et par exemple le laboratoire o\u00f9 le stage a \u00e9t\u00e9 effectu\u00e9 seront particuli\u00e8rement encourag\u00e9es.<\/p>\n","protected":false},"author":1,"featured_media":0,"parent":0,"menu_order":0,"comment_status":"closed","ping_status":"open","template":"","meta":{"footnotes":""},"class_list":["post-16","page","type-page","status-publish","hentry"],"_links":{"self":[{"href":"https:\/\/m2psav.master.edu-math.org\/index.php?rest_route=\/wp\/v2\/pages\/16","targetHints":{"allow":["GET"]}}],"collection":[{"href":"https:\/\/m2psav.master.edu-math.org\/index.php?rest_route=\/wp\/v2\/pages"}],"about":[{"href":"https:\/\/m2psav.master.edu-math.org\/index.php?rest_route=\/wp\/v2\/types\/page"}],"author":[{"embeddable":true,"href":"https:\/\/m2psav.master.edu-math.org\/index.php?rest_route=\/wp\/v2\/users\/1"}],"replies":[{"embeddable":true,"href":"https:\/\/m2psav.master.edu-math.org\/index.php?rest_route=%2Fwp%2Fv2%2Fcomments&post=16"}],"version-history":[{"count":1,"href":"https:\/\/m2psav.master.edu-math.org\/index.php?rest_route=\/wp\/v2\/pages\/16\/revisions"}],"predecessor-version":[{"id":17,"href":"https:\/\/m2psav.master.edu-math.org\/index.php?rest_route=\/wp\/v2\/pages\/16\/revisions\/17"}],"wp:attachment":[{"href":"https:\/\/m2psav.master.edu-math.org\/index.php?rest_route=%2Fwp%2Fv2%2Fmedia&parent=16"}],"curies":[{"name":"wp","href":"https:\/\/api.w.org\/{rel}","templated":true}]}}