{"id":14,"date":"2013-11-14T19:36:25","date_gmt":"2013-11-14T18:36:25","guid":{"rendered":"http:\/\/www.latp.univ-mrs.fr\/~mathieu.dandonneau\/m2psav.new\/?page_id=14"},"modified":"2022-01-12T21:55:26","modified_gmt":"2022-01-12T20:55:26","slug":"financements","status":"publish","type":"page","link":"https:\/\/m2psav.master.edu-math.org\/?page_id=14","title":{"rendered":"Financements"},"content":{"rendered":"<ol>Tous les \u00e9tudiants de cette promotion recevront une bourse qui couvrira leurs frais de voyage vers Abidjan, et au moins une partie de leurs frais de s\u00e9jour \u00e0 Abidjan et d&rsquo;inscription \u00e0 l&rsquo;universit\u00e9 F\u00e9lix Houphouet Boigny. Pour ceux qui seront accept\u00e9s en stage dans un laboratoire en France, le voyage vers la France et le s\u00e9jour seront financ\u00e9s par leur laboratoire d&rsquo;accueil.<\/ol>\n","protected":false},"excerpt":{"rendered":"<p>Tous les \u00e9tudiants de cette promotion recevront une bourse qui couvrira leurs frais de voyage vers Abidjan, et au moins une partie de leurs frais de s\u00e9jour \u00e0 Abidjan et d&rsquo;inscription \u00e0 l&rsquo;universit\u00e9 F\u00e9lix Houphouet Boigny. Pour ceux qui seront accept\u00e9s en stage dans un laboratoire en France, le voyage vers la France et le [&hellip;]<\/p>\n","protected":false},"author":1,"featured_media":0,"parent":0,"menu_order":0,"comment_status":"closed","ping_status":"open","template":"","meta":{"footnotes":""},"class_list":["post-14","page","type-page","status-publish","hentry"],"_links":{"self":[{"href":"https:\/\/m2psav.master.edu-math.org\/index.php?rest_route=\/wp\/v2\/pages\/14","targetHints":{"allow":["GET"]}}],"collection":[{"href":"https:\/\/m2psav.master.edu-math.org\/index.php?rest_route=\/wp\/v2\/pages"}],"about":[{"href":"https:\/\/m2psav.master.edu-math.org\/index.php?rest_route=\/wp\/v2\/types\/page"}],"author":[{"embeddable":true,"href":"https:\/\/m2psav.master.edu-math.org\/index.php?rest_route=\/wp\/v2\/users\/1"}],"replies":[{"embeddable":true,"href":"https:\/\/m2psav.master.edu-math.org\/index.php?rest_route=%2Fwp%2Fv2%2Fcomments&post=14"}],"version-history":[{"count":11,"href":"https:\/\/m2psav.master.edu-math.org\/index.php?rest_route=\/wp\/v2\/pages\/14\/revisions"}],"predecessor-version":[{"id":31376,"href":"https:\/\/m2psav.master.edu-math.org\/index.php?rest_route=\/wp\/v2\/pages\/14\/revisions\/31376"}],"wp:attachment":[{"href":"https:\/\/m2psav.master.edu-math.org\/index.php?rest_route=%2Fwp%2Fv2%2Fmedia&parent=14"}],"curies":[{"name":"wp","href":"https:\/\/api.w.org\/{rel}","templated":true}]}}