{"id":12,"date":"2013-11-14T19:35:57","date_gmt":"2013-11-14T18:35:57","guid":{"rendered":"http:\/\/www.latp.univ-mrs.fr\/~mathieu.dandonneau\/m2psav.new\/?page_id=12"},"modified":"2025-11-26T16:17:14","modified_gmt":"2025-11-26T15:17:14","slug":"admission","status":"publish","type":"page","link":"https:\/\/m2psav.master.edu-math.org\/?page_id=12","title":{"rendered":"Admission"},"content":{"rendered":"<p>L&rsquo;objectif est de recruter des \u00e9tudiants titulaires d&rsquo;un Master 1 de Math\u00e9matique ayant suivi un module de Probabilit\u00e9s.<br \/>\nLes candidatures des \u00e9tudiants en cours de Master 1 sont les bienvenues.<br \/>\nS&rsquo;ils sont accept\u00e9s, ce sera bien s\u00fbr sous r\u00e9serve qu&rsquo;ils obtiennent le Master 1 (ou un dipl\u00f4me \u00e9quivalent) avant le 30 septembre 2026.<br \/>\nLes connaissances requises en probabilit\u00e9s sont celles d&rsquo;un cours normal de Master 1 dans cette sp\u00e9cialit\u00e9.<br \/>\nEn outre des connaissances en Statistique math\u00e9matique et en cha\u00eenes de Markov seraient appr\u00e9ci\u00e9es.<br \/>\nLa s\u00e9lection pour cette formation se fera en deux \u00e9tapes :<\/p>\n<ul>\n<li>pr\u00e9s\u00e9lection sur dossier; les dossiers de candidature devront avoir \u00e9t\u00e9 d\u00e9pos\u00e9s sur ce site WEB avant le 30 Mars 2026.<\/li>\n<li>la liste des candidats admis \u00e0 passer l&rsquo;\u00e9preuve \u00e9crite de s\u00e9lection sera\u00a0 publi\u00e9e d\u00e9but Avril.<\/li>\n<li>l &lsquo;\u00e9preuve \u00e9crite de s\u00e9lection sur <a href=\"?page_id=64\"> le programme<\/a> sera programm\u00e9e en Avril. Voici les sujets des \u00e9preuves de <a href=\"\/wp-content\/uploads\/2013\/11\/Exam2013.pdf\">2013<\/a>, <a href=\"\/wp-content\/uploads\/2013\/11\/Epreuve2014.pdf\">2014<\/a>, <a href=\"https:\/\/m2psav.master.edu-math.org\/wp-content\/uploads\/2022\/04\/EpreuveM2PSAV-2015.pdf\">2015<\/a>, <a href=\"https:\/\/m2psav.master.edu-math.org\/wp-content\/uploads\/2022\/04\/Epreuve2017.pdf\">2017<\/a>,\u00a0 <a href=\"https:\/\/m2psav.master.edu-math.org\/wp-content\/uploads\/2022\/04\/Epreuve2019_VF.pdf\">2019<\/a>, <a href=\"https:\/\/m2psav.master.edu-math.org\/wp-content\/uploads\/2024\/04\/Exam22.pdf\">2022<\/a>, <a href=\"https:\/\/m2psav.master.edu-math.org\/wp-content\/uploads\/2025\/10\/Exam24.pdf\">2024<\/a><\/li>\n<\/ul>\n","protected":false},"excerpt":{"rendered":"<p>L&rsquo;objectif est de recruter des \u00e9tudiants titulaires d&rsquo;un Master 1 de Math\u00e9matique ayant suivi un module de Probabilit\u00e9s. Les candidatures des \u00e9tudiants en cours de Master 1 sont les bienvenues. S&rsquo;ils sont accept\u00e9s, ce sera bien s\u00fbr sous r\u00e9serve qu&rsquo;ils obtiennent le Master 1 (ou un dipl\u00f4me \u00e9quivalent) avant le 30 septembre 2026. Les connaissances [&hellip;]<\/p>\n","protected":false},"author":1,"featured_media":0,"parent":0,"menu_order":0,"comment_status":"closed","ping_status":"open","template":"","meta":{"footnotes":""},"class_list":["post-12","page","type-page","status-publish","hentry"],"_links":{"self":[{"href":"https:\/\/m2psav.master.edu-math.org\/index.php?rest_route=\/wp\/v2\/pages\/12","targetHints":{"allow":["GET"]}}],"collection":[{"href":"https:\/\/m2psav.master.edu-math.org\/index.php?rest_route=\/wp\/v2\/pages"}],"about":[{"href":"https:\/\/m2psav.master.edu-math.org\/index.php?rest_route=\/wp\/v2\/types\/page"}],"author":[{"embeddable":true,"href":"https:\/\/m2psav.master.edu-math.org\/index.php?rest_route=\/wp\/v2\/users\/1"}],"replies":[{"embeddable":true,"href":"https:\/\/m2psav.master.edu-math.org\/index.php?rest_route=%2Fwp%2Fv2%2Fcomments&post=12"}],"version-history":[{"count":77,"href":"https:\/\/m2psav.master.edu-math.org\/index.php?rest_route=\/wp\/v2\/pages\/12\/revisions"}],"predecessor-version":[{"id":31547,"href":"https:\/\/m2psav.master.edu-math.org\/index.php?rest_route=\/wp\/v2\/pages\/12\/revisions\/31547"}],"wp:attachment":[{"href":"https:\/\/m2psav.master.edu-math.org\/index.php?rest_route=%2Fwp%2Fv2%2Fmedia&parent=12"}],"curies":[{"name":"wp","href":"https:\/\/api.w.org\/{rel}","templated":true}]}}