{"id":113,"date":"2014-03-22T15:28:22","date_gmt":"2014-03-22T14:28:22","guid":{"rendered":"http:\/\/www.latp.univ-mrs.fr\/~mathieu.dandonneau\/m2psav.new\/?page_id=113"},"modified":"2021-11-22T16:03:09","modified_gmt":"2021-11-22T15:03:09","slug":"programme-de-lannee","status":"publish","type":"page","link":"https:\/\/m2psav.master.edu-math.org\/?page_id=113","title":{"rendered":"Programme de l&rsquo;ann\u00e9e"},"content":{"rendered":"<div class=\"members-access-error\">\n<p class=\"restricted\">Pour acc\u00e9der \u00e0 ce contenu, Il est n\u00e9cessaire de se connecter avec les identifiants fournis par votre professeur.<\/p>\n<\/div>\n","protected":false},"excerpt":{"rendered":"<div class=\"members-access-error\">\n<p class=\"restricted\">Pour acc\u00e9der \u00e0 ce contenu, Il est n\u00e9cessaire de se connecter avec les identifiants fournis par votre professeur.<\/p>\n<\/div>\n","protected":false},"author":1,"featured_media":0,"parent":0,"menu_order":0,"comment_status":"closed","ping_status":"open","template":"","meta":{"footnotes":""},"class_list":["post-113","page","type-page","status-publish","hentry"],"_links":{"self":[{"href":"https:\/\/m2psav.master.edu-math.org\/index.php?rest_route=\/wp\/v2\/pages\/113","targetHints":{"allow":["GET"]}}],"collection":[{"href":"https:\/\/m2psav.master.edu-math.org\/index.php?rest_route=\/wp\/v2\/pages"}],"about":[{"href":"https:\/\/m2psav.master.edu-math.org\/index.php?rest_route=\/wp\/v2\/types\/page"}],"author":[{"embeddable":true,"href":"https:\/\/m2psav.master.edu-math.org\/index.php?rest_route=\/wp\/v2\/users\/1"}],"replies":[{"embeddable":true,"href":"https:\/\/m2psav.master.edu-math.org\/index.php?rest_route=%2Fwp%2Fv2%2Fcomments&post=113"}],"version-history":[{"count":1,"href":"https:\/\/m2psav.master.edu-math.org\/index.php?rest_route=\/wp\/v2\/pages\/113\/revisions"}],"predecessor-version":[{"id":114,"href":"https:\/\/m2psav.master.edu-math.org\/index.php?rest_route=\/wp\/v2\/pages\/113\/revisions\/114"}],"wp:attachment":[{"href":"https:\/\/m2psav.master.edu-math.org\/index.php?rest_route=%2Fwp%2Fv2%2Fmedia&parent=113"}],"curies":[{"name":"wp","href":"https:\/\/api.w.org\/{rel}","templated":true}]}}