{"id":108,"date":"2014-03-21T18:32:54","date_gmt":"2014-03-21T17:32:54","guid":{"rendered":"http:\/\/www.latp.univ-mrs.fr\/~mathieu.dandonneau\/m2psav.new\/?page_id=108"},"modified":"2021-11-22T16:02:57","modified_gmt":"2021-11-22T15:02:57","slug":"intranet","status":"publish","type":"page","link":"https:\/\/m2psav.master.edu-math.org\/?page_id=108","title":{"rendered":"intranet"},"content":{"rendered":"<p>Bienvenue sur l&rsquo;intranet.<\/p>\n<p>Naviguez \u00e0 travers les sous-menus pour obtenir des informations relatives \u00e0 l&rsquo;ann\u00e9e universitaire 2015-2016: programmes et emplois du temps, cours, stages..etc&#8230;<\/p>\n","protected":false},"excerpt":{"rendered":"<p>Bienvenue sur l&rsquo;intranet. Naviguez \u00e0 travers les sous-menus pour obtenir des informations relatives \u00e0 l&rsquo;ann\u00e9e universitaire 2015-2016: programmes et emplois du temps, cours, stages..etc&#8230;<\/p>\n","protected":false},"author":1,"featured_media":0,"parent":0,"menu_order":0,"comment_status":"closed","ping_status":"open","template":"","meta":{"footnotes":""},"class_list":["post-108","page","type-page","status-publish","hentry"],"_links":{"self":[{"href":"https:\/\/m2psav.master.edu-math.org\/index.php?rest_route=\/wp\/v2\/pages\/108","targetHints":{"allow":["GET"]}}],"collection":[{"href":"https:\/\/m2psav.master.edu-math.org\/index.php?rest_route=\/wp\/v2\/pages"}],"about":[{"href":"https:\/\/m2psav.master.edu-math.org\/index.php?rest_route=\/wp\/v2\/types\/page"}],"author":[{"embeddable":true,"href":"https:\/\/m2psav.master.edu-math.org\/index.php?rest_route=\/wp\/v2\/users\/1"}],"replies":[{"embeddable":true,"href":"https:\/\/m2psav.master.edu-math.org\/index.php?rest_route=%2Fwp%2Fv2%2Fcomments&post=108"}],"version-history":[{"count":1,"href":"https:\/\/m2psav.master.edu-math.org\/index.php?rest_route=\/wp\/v2\/pages\/108\/revisions"}],"predecessor-version":[{"id":109,"href":"https:\/\/m2psav.master.edu-math.org\/index.php?rest_route=\/wp\/v2\/pages\/108\/revisions\/109"}],"wp:attachment":[{"href":"https:\/\/m2psav.master.edu-math.org\/index.php?rest_route=%2Fwp%2Fv2%2Fmedia&parent=108"}],"curies":[{"name":"wp","href":"https:\/\/api.w.org\/{rel}","templated":true}]}}